{"id":311,"date":"2023-05-01T08:33:24","date_gmt":"2023-05-01T06:33:24","guid":{"rendered":"https:\/\/www.nordfunk.at\/?page_id=311"},"modified":"2023-05-01T18:09:00","modified_gmt":"2023-05-01T16:09:00","slug":"aoee-not-katastrophenfunkuebung-2023","status":"publish","type":"page","link":"https:\/\/www.nordfunk.at\/?page_id=311","title":{"rendered":"AOEE Not- &amp; Katastrophenfunk\u00fcbung 2023"},"content":{"rendered":"\n<p>Bei der diesj\u00e4hrigen <a rel=\"noreferrer noopener\" href=\"https:\/\/oevsv.at\/oevsv\/aktuelles\/All-Austrian-Emergency-Exercise-AOEE-Not-Katastrophenfunkuebung-2023\/\" target=\"_blank\">AOOE<\/a> Not- &amp; Katastrophenfunk\u00fcbung 2023 nahmen auch wir als &#8222;<a rel=\"noreferrer noopener\" href=\"https:\/\/oevsv.at\/funkbetrieb\/contests-wettbewerbe\/contestshf\/\" target=\"_blank\">Station von Organisationen im \u00f6ffentlichen Interesse<\/a>&#8220; mit unserem Clubrufzeichen OE5XAX teil.<\/p>\n\n\n\n<p>Schon am Vortag starteten wir (OE5AWE Andi &#8211; OE5TSO Thomas und ich OE5JPP Johannes) mit dem Bau eines 80m Dipols um die in diesem Bereich etwas schwache Windom Antenne in der Tilly &#8211; Kaserne zu ersetzten .<\/p>\n\n\n\n<figure class=\"wp-block-image size-large\"><img loading=\"lazy\" decoding=\"async\" width=\"1024\" height=\"351\" src=\"https:\/\/www.nordfunk.at\/wp-content\/uploads\/2023\/05\/aooe-1024x351.jpg\" alt=\"\" class=\"wp-image-313\" srcset=\"https:\/\/www.nordfunk.at\/wp-content\/uploads\/2023\/05\/aooe-1024x351.jpg 1024w, https:\/\/www.nordfunk.at\/wp-content\/uploads\/2023\/05\/aooe-300x103.jpg 300w, https:\/\/www.nordfunk.at\/wp-content\/uploads\/2023\/05\/aooe-768x263.jpg 768w, https:\/\/www.nordfunk.at\/wp-content\/uploads\/2023\/05\/aooe-1536x526.jpg 1536w, https:\/\/www.nordfunk.at\/wp-content\/uploads\/2023\/05\/aooe-150x51.jpg 150w, https:\/\/www.nordfunk.at\/wp-content\/uploads\/2023\/05\/aooe.jpg 1595w\" sizes=\"auto, (max-width: 1024px) 100vw, 1024px\" \/><\/figure>\n\n\n\n<p>Nach erfolgreicher Montage und Abstimmung des Dipoles konnten wir p\u00fcnktlich am 1. Mai um 7:00 mit dem Contest starten.<\/p>\n\n\n\n<figure class=\"wp-block-image size-large\"><img loading=\"lazy\" decoding=\"async\" width=\"1024\" height=\"390\" src=\"https:\/\/www.nordfunk.at\/wp-content\/uploads\/2023\/05\/aooe4-1024x390.jpg\" alt=\"\" class=\"wp-image-317\" srcset=\"https:\/\/www.nordfunk.at\/wp-content\/uploads\/2023\/05\/aooe4-1024x390.jpg 1024w, https:\/\/www.nordfunk.at\/wp-content\/uploads\/2023\/05\/aooe4-300x114.jpg 300w, https:\/\/www.nordfunk.at\/wp-content\/uploads\/2023\/05\/aooe4-768x293.jpg 768w, https:\/\/www.nordfunk.at\/wp-content\/uploads\/2023\/05\/aooe4-150x57.jpg 150w, https:\/\/www.nordfunk.at\/wp-content\/uploads\/2023\/05\/aooe4.jpg 1365w\" sizes=\"auto, (max-width: 1024px) 100vw, 1024px\" \/><\/figure>\n\n\n\n<p><\/p>\n\n\n\n<figure class=\"wp-block-image size-large\"><img loading=\"lazy\" decoding=\"async\" width=\"1024\" height=\"377\" src=\"https:\/\/www.nordfunk.at\/wp-content\/uploads\/2023\/05\/aooe5-1024x377.jpg\" alt=\"\" class=\"wp-image-321\" srcset=\"https:\/\/www.nordfunk.at\/wp-content\/uploads\/2023\/05\/aooe5-1024x377.jpg 1024w, https:\/\/www.nordfunk.at\/wp-content\/uploads\/2023\/05\/aooe5-300x110.jpg 300w, https:\/\/www.nordfunk.at\/wp-content\/uploads\/2023\/05\/aooe5-768x283.jpg 768w, https:\/\/www.nordfunk.at\/wp-content\/uploads\/2023\/05\/aooe5-1536x565.jpg 1536w, https:\/\/www.nordfunk.at\/wp-content\/uploads\/2023\/05\/aooe5-2048x754.jpg 2048w, https:\/\/www.nordfunk.at\/wp-content\/uploads\/2023\/05\/aooe5-150x55.jpg 150w\" sizes=\"auto, (max-width: 1024px) 100vw, 1024px\" \/><\/figure>\n\n\n\n<figure class=\"wp-block-image size-large\"><img loading=\"lazy\" decoding=\"async\" width=\"1024\" height=\"387\" src=\"https:\/\/www.nordfunk.at\/wp-content\/uploads\/2023\/05\/aooe6-1024x387.jpg\" alt=\"\" class=\"wp-image-325\" srcset=\"https:\/\/www.nordfunk.at\/wp-content\/uploads\/2023\/05\/aooe6-1024x387.jpg 1024w, https:\/\/www.nordfunk.at\/wp-content\/uploads\/2023\/05\/aooe6-300x114.jpg 300w, https:\/\/www.nordfunk.at\/wp-content\/uploads\/2023\/05\/aooe6-768x291.jpg 768w, https:\/\/www.nordfunk.at\/wp-content\/uploads\/2023\/05\/aooe6-1536x581.jpg 1536w, https:\/\/www.nordfunk.at\/wp-content\/uploads\/2023\/05\/aooe6-2048x775.jpg 2048w, https:\/\/www.nordfunk.at\/wp-content\/uploads\/2023\/05\/aooe6-150x57.jpg 150w\" sizes=\"auto, (max-width: 1024px) 100vw, 1024px\" \/><\/figure>\n\n\n\n<h2 class=\"wp-block-heading\">Eine kleine St\u00e4rkung f\u00fcr den n\u00e4chsten durchgang \ud83d\ude42<\/h2>\n\n\n\n<figure class=\"wp-block-image size-large\"><img loading=\"lazy\" decoding=\"async\" width=\"1024\" height=\"768\" src=\"https:\/\/www.nordfunk.at\/wp-content\/uploads\/2023\/05\/20230501_113959-1024x768.jpg\" alt=\"\" class=\"wp-image-327\" srcset=\"https:\/\/www.nordfunk.at\/wp-content\/uploads\/2023\/05\/20230501_113959-1024x768.jpg 1024w, https:\/\/www.nordfunk.at\/wp-content\/uploads\/2023\/05\/20230501_113959-300x225.jpg 300w, https:\/\/www.nordfunk.at\/wp-content\/uploads\/2023\/05\/20230501_113959-768x576.jpg 768w, https:\/\/www.nordfunk.at\/wp-content\/uploads\/2023\/05\/20230501_113959-1536x1152.jpg 1536w, https:\/\/www.nordfunk.at\/wp-content\/uploads\/2023\/05\/20230501_113959-2048x1536.jpg 2048w, https:\/\/www.nordfunk.at\/wp-content\/uploads\/2023\/05\/20230501_113959-150x113.jpg 150w\" sizes=\"auto, (max-width: 1024px) 100vw, 1024px\" \/><\/figure>\n\n\n\n<p>Unser Signal auf 40m (Gr\u00fcn) 100W<\/p>\n\n\n\n<figure class=\"wp-block-image size-large\"><img loading=\"lazy\" decoding=\"async\" width=\"1024\" height=\"768\" src=\"https:\/\/www.nordfunk.at\/wp-content\/uploads\/2023\/05\/20230501_154803-1024x768.jpg\" alt=\"\" class=\"wp-image-328\" srcset=\"https:\/\/www.nordfunk.at\/wp-content\/uploads\/2023\/05\/20230501_154803-1024x768.jpg 1024w, https:\/\/www.nordfunk.at\/wp-content\/uploads\/2023\/05\/20230501_154803-300x225.jpg 300w, https:\/\/www.nordfunk.at\/wp-content\/uploads\/2023\/05\/20230501_154803-768x576.jpg 768w, https:\/\/www.nordfunk.at\/wp-content\/uploads\/2023\/05\/20230501_154803-1536x1152.jpg 1536w, https:\/\/www.nordfunk.at\/wp-content\/uploads\/2023\/05\/20230501_154803-2048x1536.jpg 2048w, https:\/\/www.nordfunk.at\/wp-content\/uploads\/2023\/05\/20230501_154803-150x113.jpg 150w\" sizes=\"auto, (max-width: 1024px) 100vw, 1024px\" \/><\/figure>\n\n\n\n<figure class=\"wp-block-image size-large\"><img loading=\"lazy\" decoding=\"async\" width=\"1024\" height=\"768\" src=\"https:\/\/www.nordfunk.at\/wp-content\/uploads\/2023\/05\/20230501_154736-1024x768.jpg\" alt=\"\" class=\"wp-image-329\" srcset=\"https:\/\/www.nordfunk.at\/wp-content\/uploads\/2023\/05\/20230501_154736-1024x768.jpg 1024w, https:\/\/www.nordfunk.at\/wp-content\/uploads\/2023\/05\/20230501_154736-300x225.jpg 300w, https:\/\/www.nordfunk.at\/wp-content\/uploads\/2023\/05\/20230501_154736-768x576.jpg 768w, https:\/\/www.nordfunk.at\/wp-content\/uploads\/2023\/05\/20230501_154736-1536x1152.jpg 1536w, https:\/\/www.nordfunk.at\/wp-content\/uploads\/2023\/05\/20230501_154736-2048x1536.jpg 2048w, https:\/\/www.nordfunk.at\/wp-content\/uploads\/2023\/05\/20230501_154736-150x113.jpg 150w\" sizes=\"auto, (max-width: 1024px) 100vw, 1024px\" \/><\/figure>\n\n\n\n<figure class=\"wp-block-image size-large\"><img loading=\"lazy\" decoding=\"async\" width=\"1371\" height=\"1828\" src=\"https:\/\/www.nordfunk.at\/wp-content\/uploads\/2023\/05\/20230501_180221-edited-rotated.jpg\" alt=\"\" class=\"wp-image-334\" srcset=\"https:\/\/www.nordfunk.at\/wp-content\/uploads\/2023\/05\/20230501_180221-edited-rotated.jpg 1371w, https:\/\/www.nordfunk.at\/wp-content\/uploads\/2023\/05\/20230501_180221-edited-225x300.jpg 225w, https:\/\/www.nordfunk.at\/wp-content\/uploads\/2023\/05\/20230501_180221-edited-768x1024.jpg 768w, https:\/\/www.nordfunk.at\/wp-content\/uploads\/2023\/05\/20230501_180221-edited-1152x1536.jpg 1152w, https:\/\/www.nordfunk.at\/wp-content\/uploads\/2023\/05\/20230501_180221-edited-113x150.jpg 113w\" sizes=\"auto, (max-width: 1371px) 100vw, 1371px\" \/><\/figure>\n\n\n\n<figure class=\"wp-block-image size-large\"><img loading=\"lazy\" decoding=\"async\" width=\"2289\" height=\"1717\" src=\"https:\/\/www.nordfunk.at\/wp-content\/uploads\/2023\/05\/20230501_180228-edited.jpg\" alt=\"\" class=\"wp-image-333\" srcset=\"https:\/\/www.nordfunk.at\/wp-content\/uploads\/2023\/05\/20230501_180228-edited.jpg 2289w, https:\/\/www.nordfunk.at\/wp-content\/uploads\/2023\/05\/20230501_180228-edited-300x225.jpg 300w, https:\/\/www.nordfunk.at\/wp-content\/uploads\/2023\/05\/20230501_180228-edited-1024x768.jpg 1024w, https:\/\/www.nordfunk.at\/wp-content\/uploads\/2023\/05\/20230501_180228-edited-768x576.jpg 768w, https:\/\/www.nordfunk.at\/wp-content\/uploads\/2023\/05\/20230501_180228-edited-1536x1152.jpg 1536w, https:\/\/www.nordfunk.at\/wp-content\/uploads\/2023\/05\/20230501_180228-edited-2048x1536.jpg 2048w, https:\/\/www.nordfunk.at\/wp-content\/uploads\/2023\/05\/20230501_180228-edited-150x113.jpg 150w\" sizes=\"auto, (max-width: 2289px) 100vw, 2289px\" \/><\/figure>\n","protected":false},"excerpt":{"rendered":"<p>Bei der diesj\u00e4hrigen AOOE Not- &amp; Katastrophenfunk\u00fcbung 2023 nahmen auch wir als &#8222;Station von Organisationen im \u00f6ffentlichen Interesse&#8220; mit unserem Clubrufzeichen OE5XAX teil. Schon am Vortag starteten wir (OE5AWE Andi &#8211; OE5TSO Thomas und ich OE5JPP Johannes) mit dem Bau eines 80m Dipols um die in diesem Bereich etwas schwache &#8230;<\/p>\n<p class=\"continue-reading-button\"> <a class=\"continue-reading-link\" href=\"https:\/\/www.nordfunk.at\/?page_id=311\">Continue reading<i class=\"crycon-right-dir\"><\/i><\/a><\/p>\n","protected":false},"author":2,"featured_media":0,"parent":0,"menu_order":0,"comment_status":"closed","ping_status":"closed","template":"","meta":{"footnotes":""},"class_list":["post-311","page","type-page","status-publish","hentry"],"_links":{"self":[{"href":"https:\/\/www.nordfunk.at\/index.php?rest_route=\/wp\/v2\/pages\/311","targetHints":{"allow":["GET"]}}],"collection":[{"href":"https:\/\/www.nordfunk.at\/index.php?rest_route=\/wp\/v2\/pages"}],"about":[{"href":"https:\/\/www.nordfunk.at\/index.php?rest_route=\/wp\/v2\/types\/page"}],"author":[{"embeddable":true,"href":"https:\/\/www.nordfunk.at\/index.php?rest_route=\/wp\/v2\/users\/2"}],"replies":[{"embeddable":true,"href":"https:\/\/www.nordfunk.at\/index.php?rest_route=%2Fwp%2Fv2%2Fcomments&post=311"}],"version-history":[{"count":8,"href":"https:\/\/www.nordfunk.at\/index.php?rest_route=\/wp\/v2\/pages\/311\/revisions"}],"predecessor-version":[{"id":335,"href":"https:\/\/www.nordfunk.at\/index.php?rest_route=\/wp\/v2\/pages\/311\/revisions\/335"}],"wp:attachment":[{"href":"https:\/\/www.nordfunk.at\/index.php?rest_route=%2Fwp%2Fv2%2Fmedia&parent=311"}],"curies":[{"name":"wp","href":"https:\/\/api.w.org\/{rel}","templated":true}]}}