{"id":280,"date":"2022-12-25T10:39:56","date_gmt":"2022-12-25T09:39:56","guid":{"rendered":"https:\/\/www.nordfunk.at\/?page_id=280"},"modified":"2022-12-25T10:48:13","modified_gmt":"2022-12-25T09:48:13","slug":"notfallkommunikation","status":"publish","type":"page","link":"https:\/\/www.nordfunk.at\/?page_id=280","title":{"rendered":"NOTFALLKOMMUNIKATION"},"content":{"rendered":"\n<p>hier eine zusammenstellung des Folders Notfallkommunikation_2018 des <a href=\"https:\/\/www.oevsv.at\/export\/shared\/.content\/.galleries\/Downloads_Referate\/Notfunk-Referat-Downloads\/Notfallkommunikation_2018.pdf\" data-type=\"URL\" data-id=\"https:\/\/www.oevsv.at\/export\/shared\/.content\/.galleries\/Downloads_Referate\/Notfunk-Referat-Downloads\/Notfallkommunikation_2018.pdf\" target=\"_blank\" rel=\"noreferrer noopener\">\u00d6VSV<\/a><\/p>\n\n\n\n<p><a href=\"https:\/\/arena.oevsv.at\/\" data-type=\"URL\" data-id=\"https:\/\/arena.oevsv.at\/\" target=\"_blank\" rel=\"noreferrer noopener\">A.R.E.N.A. \u2013 Amateur Radio Emergency Network Austria<\/a><\/p>\n\n\n\n<p><strong>NOTRUFFREQUENZEN<\/strong><\/p>\n\n\n\n<p>IARU Region 1<br>3760 kHz   &#8211;  7110 kHz  &#8211; 14300 kHz  &#8211;  18160 kHz  &#8211;   21360 kHz<\/p>\n\n\n\n<p><strong>zus\u00e4tzlich in D-A-CH<\/strong><\/p>\n\n\n\n<p>1873 kHz LSB  &#8211;  3643 kHz LSB  &#8211;  7085 kHz LSB  &#8211;  10138 kHz USB  &#8211;  28238 kHz USB (nur DL)  &#8211;   434.000 MHz FM<\/p>\n\n\n\n<p><strong>Ultrakurzwelle<\/strong><\/p>\n\n\n\n<p>144.260 MHz USB  &#8211;  145.500 MHz FM Anruf  &#8211;  145.525 MHz FM  &#8211;  145.550 MHz FM  &#8211;  433.500 MHz FM<\/p>\n\n\n\n<p><strong>CB Funk Kanal 9<\/strong><\/p>\n\n\n\n<p><\/p>\n\n\n\n<p><strong>Selbstschutz:<\/strong><\/p>\n\n\n\n<p>Biete erst deine Hilfeleistung an wenn du und deine Familie im Not-,Gro\u00dfunfall und Katastrophenfall \u201cabgesichert\u201d bist, und informiere dich\u00fcber deinen SELBSTSCHUTZ beim \u00d6sterreichischen Zivilschutzverband <a rel=\"noreferrer noopener\" href=\"http:\/\/www.zivilschutzverband.at\" data-type=\"URL\" data-id=\"www.zivilschutzverband.at\" target=\"_blank\">www.zivilschutzverband.at<\/a> , bei Gemeinden und Einsatzorganisationen.<\/p>\n\n\n\n<p><\/p>\n\n\n\n<p><strong>FUNKBETRIEB<\/strong><\/p>\n\n\n\n<p>\u2022 H\u00f6re den n\u00e4chsten Umsetzer, Simplexfrequenzen, KW-Frequenzen ab<br>\u2022 Melde dich QRV und sende nur wenn n\u00f6tig (Funkdisziplin)<br>\u2022 Halte Funkstille bis du angesprochen wirst<br>\u2022 Befolge die Anweisung der Funkleitstation<br>\u2022 Dokumentiere nachvollziehbar die aufgenommenen und abgesendeten Funkspr\u00fcche sowie deren Inhalt<br>\u2022 \u00dcbermittle kurz, b\u00fcndig und aussagekr\u00e4ftig, spreche klar und deutlich<br>\u2022 Verwende das internationale Buchstabieralphabet ohne amateurfunkspezifische Ausdr\u00fccke<br>\u2022 Versuche Emotionen zu beherrschen<\/p>\n\n\n\n<p><\/p>\n\n\n\n<p><strong>INHALT einer NOTMELDUNG<\/strong><\/p>\n\n\n\n<p><strong>WO? <\/strong>           Ort des Notfalls<br><strong>WANN?<\/strong>       Zeit des Vorfalls<br><strong>WAS? <\/strong>          Was ist passiert, Art der vermutlichen Verletzung, Erkrankung oder eingetretene Sch\u00e4den,     Anzahl der betroffenen Personen<br><strong>WIE?<\/strong>            Wie kann geholfen werden<br><strong>WELCHE?<\/strong>     Welche zus\u00e4tzlichen wichtigen Informationen sind n\u00f6tig<\/p>\n\n\n\n<p><strong>VORRANGREGELN f\u00fcr die Funkbetriebsabwicklung<\/strong><\/p>\n\n\n\n<p>\u2022 Notanrufe und Notfunkverkehr (Notzeichen MAYDAY, in CW SOS) vor<br>\u2022 Dringlichkeitsfunkverkehr (Dringlichkeitszeichen PAN PAN) vor<br>\u2022 HEALTH und WELFARE Traffic (Verkehr f\u00fcr das Gemeinwohl) vor<br>\u2022 ROUTINE &#8211; regul\u00e4rer Amateurfunkverkehr<\/p>\n\n\n\n<p><strong>CHECKLISTE f\u00fcr NOTFUNKBETRIEB<\/strong><\/p>\n\n\n\n<p>\u2022 Pers\u00f6nliche Ausr\u00fcstung und pers\u00f6nliche Medikamente vorhanden?<br>\u2022 Verpflegung u. wetterfeste Bekleidung vorhanden?<br>\u2022 Kraftfahrzeug und Notstromaggregat aufgetankt \u2013 Kraftstoffreserve?<br>\u2022 Funkger\u00e4te, Antennen u. Zusatzger\u00e4te in betriebsbereitem Zustand?<br>\u2022 Portables Radioger\u00e4t mit vollen Batterien vorhanden?<br>\u2022 Akkus und Reserve f\u00fcr Handfunkger\u00e4te aufgeladen?<br>\u2022 Taschenlampe oder andere k\u00fcnstliche Lichtquellen vorhanden?<br>\u2022 Amateurfunkbewilligung und amtlicher Lichtbildausweis griffbereit?<br>\u2022 Wichtigste Unterlagen in ausgedruckter Form zur Verf\u00fcgung?<br>\u2022 Frequenzlisten bzw. PACTOR Frequenzen aktuell<\/p>\n\n\n\n<p><\/p>\n\n\n\n<p><strong>WICHTIGE KONTAKTE<\/strong><\/p>\n\n\n\n<p>Euro Notruf <strong>112 <\/strong>&#8211; Vergiftungszentrale <strong>+43 1 4064343<\/strong> &#8211; Feuerwehr <strong>122<\/strong> &#8211; Polizei <strong>133<\/strong> &#8211; Geh\u00f6rlosennotruf <strong>SMS 0800 133133<\/strong> &#8211; Rettung <strong>144<\/strong>  &#8211; \u00c4rztenotdienst <strong>141<\/strong><\/p>\n\n\n\n<p><\/p>\n\n\n\n<h3 class=\"wp-block-heading\">Merkblatt Notfallkommunikation<\/h3>\n\n\n\n<p><strong>Das Allerwichtigste auf 2 Seiten<\/strong> &#8211; doppleseitig ausdrucken, laminieren und <strong>griffbereit zur Funkstation<\/strong> geben!<\/p>\n\n\n\n<p><a href=\"https:\/\/www.nordfunk.at\/wp-content\/uploads\/2022\/12\/Notfallkommunikation_2018.pdf\" data-type=\"URL\" data-id=\"https:\/\/www.nordfunk.at\/wp-content\/uploads\/2022\/12\/Notfallkommunikation_2018.pdf\" target=\"_blank\" rel=\"noreferrer noopener\">Download PDF von dieser Seite<\/a><\/p>\n\n\n\n<p><a href=\"https:\/\/www.oevsv.at\/export\/shared\/.content\/.galleries\/Downloads_Referate\/Notfunk-Referat-Downloads\/Notfallkommunikation_2018.pdf\" data-type=\"URL\" data-id=\"https:\/\/www.oevsv.at\/export\/shared\/.content\/.galleries\/Downloads_Referate\/Notfunk-Referat-Downloads\/Notfallkommunikation_2018.pdf\" target=\"_blank\" rel=\"noreferrer noopener\">Download PDF von der \u00d6VSV.AT Seite<\/a><\/p>\n\n\n\n<p><\/p>\n\n\n\n<p>Links:<\/p>\n\n\n\n<p><a href=\"https:\/\/www.oevsv.at\/funkbetrieb\/notfunk\/\">https:\/\/www.oevsv.at\/funkbetrieb\/notfunk\/<\/a><\/p>\n\n\n\n<p><a href=\"https:\/\/arena.oevsv.at\/\">https:\/\/arena.oevsv.at\/<\/a><\/p>\n","protected":false},"excerpt":{"rendered":"<p>hier eine zusammenstellung des Folders Notfallkommunikation_2018 des \u00d6VSV A.R.E.N.A. \u2013 Amateur Radio Emergency Network Austria NOTRUFFREQUENZEN IARU Region 13760 kHz &#8211; 7110 kHz &#8211; 14300 kHz &#8211; 18160 kHz &#8211; 21360 kHz zus\u00e4tzlich in D-A-CH 1873 kHz LSB &#8211; 3643 kHz LSB &#8211; 7085 kHz LSB &#8211; 10138 kHz USB &#8230;<\/p>\n<p class=\"continue-reading-button\"> <a class=\"continue-reading-link\" href=\"https:\/\/www.nordfunk.at\/?page_id=280\">Continue reading<i class=\"crycon-right-dir\"><\/i><\/a><\/p>\n","protected":false},"author":2,"featured_media":0,"parent":0,"menu_order":0,"comment_status":"closed","ping_status":"closed","template":"","meta":{"footnotes":""},"class_list":["post-280","page","type-page","status-publish","hentry"],"_links":{"self":[{"href":"https:\/\/www.nordfunk.at\/index.php?rest_route=\/wp\/v2\/pages\/280","targetHints":{"allow":["GET"]}}],"collection":[{"href":"https:\/\/www.nordfunk.at\/index.php?rest_route=\/wp\/v2\/pages"}],"about":[{"href":"https:\/\/www.nordfunk.at\/index.php?rest_route=\/wp\/v2\/types\/page"}],"author":[{"embeddable":true,"href":"https:\/\/www.nordfunk.at\/index.php?rest_route=\/wp\/v2\/users\/2"}],"replies":[{"embeddable":true,"href":"https:\/\/www.nordfunk.at\/index.php?rest_route=%2Fwp%2Fv2%2Fcomments&post=280"}],"version-history":[{"count":6,"href":"https:\/\/www.nordfunk.at\/index.php?rest_route=\/wp\/v2\/pages\/280\/revisions"}],"predecessor-version":[{"id":288,"href":"https:\/\/www.nordfunk.at\/index.php?rest_route=\/wp\/v2\/pages\/280\/revisions\/288"}],"wp:attachment":[{"href":"https:\/\/www.nordfunk.at\/index.php?rest_route=%2Fwp%2Fv2%2Fmedia&parent=280"}],"curies":[{"name":"wp","href":"https:\/\/api.w.org\/{rel}","templated":true}]}}