{"id":227,"date":"2022-05-03T18:18:48","date_gmt":"2022-05-03T16:18:48","guid":{"rendered":"https:\/\/www.nordfunk.at\/?page_id=227"},"modified":"2022-05-03T18:18:48","modified_gmt":"2022-05-03T16:18:48","slug":"orf-besuchte-den-nordfunk-muehlviertel","status":"publish","type":"page","link":"https:\/\/www.nordfunk.at\/?page_id=227","title":{"rendered":"ORF besuchte den Nordfunk M\u00fchlviertel"},"content":{"rendered":"\n<p><img loading=\"lazy\" decoding=\"async\" width=\"800\" height=\"483\" class=\"wp-image-228\" style=\"width: 800px;\" src=\"http:\/\/192.168.1.23\/nordfunk\/wp-content\/uploads\/2022\/05\/Nordfunk_ORF-Besuch-18_04_22_rgb_kl-scaled.jpg\" alt=\"\" srcset=\"https:\/\/www.nordfunk.at\/wp-content\/uploads\/2022\/05\/Nordfunk_ORF-Besuch-18_04_22_rgb_kl-scaled.jpg 2560w, https:\/\/www.nordfunk.at\/wp-content\/uploads\/2022\/05\/Nordfunk_ORF-Besuch-18_04_22_rgb_kl-300x181.jpg 300w, https:\/\/www.nordfunk.at\/wp-content\/uploads\/2022\/05\/Nordfunk_ORF-Besuch-18_04_22_rgb_kl-1024x618.jpg 1024w, https:\/\/www.nordfunk.at\/wp-content\/uploads\/2022\/05\/Nordfunk_ORF-Besuch-18_04_22_rgb_kl-768x464.jpg 768w, https:\/\/www.nordfunk.at\/wp-content\/uploads\/2022\/05\/Nordfunk_ORF-Besuch-18_04_22_rgb_kl-1536x927.jpg 1536w, https:\/\/www.nordfunk.at\/wp-content\/uploads\/2022\/05\/Nordfunk_ORF-Besuch-18_04_22_rgb_kl-2048x1236.jpg 2048w, https:\/\/www.nordfunk.at\/wp-content\/uploads\/2022\/05\/Nordfunk_ORF-Besuch-18_04_22_rgb_kl-150x91.jpg 150w\" sizes=\"auto, (max-width: 800px) 100vw, 800px\" \/>Der ORF besuchte den Nordfunk M\u00fchlviertel in Schenkenfelden. Anl\u00e4sslich des Weltamateurfunktages am 18.04.2022 besuchte der ORF die Nordfunker in Schenkenfelden zu einem Film Dreh. Mit viel Engagement bei den Dreharbeiten wurde ein sch\u00f6ner Beitrag im Fernsehen und Radio gestaltet. Es war eine gelungene Aktion den Amateurfunk in seiner Vielfalt in der \u00d6ffentlichkeit zu pr\u00e4sentieren. Wir Nordfunker hatten gro\u00dfen Spa\u00df.<\/p>\n\n\n\n<p><a href=\"https:\/\/tvthek.orf.at\/profile\/Oberoesterreich-heute\/70016\/Oberoesterreich-heute\/14132278\/Funken-als-Hobby\/15148385\">https:\/\/tvthek.orf.at\/profile\/Oberoesterreich-heute\/70016\/Oberoesterreich-heute\/14132278\/Funken-als-Hobby\/15148385<\/a><\/p>\n","protected":false},"excerpt":{"rendered":"<p>Der ORF besuchte den Nordfunk M\u00fchlviertel in Schenkenfelden. Anl\u00e4sslich des Weltamateurfunktages am 18.04.2022 besuchte der ORF die Nordfunker in Schenkenfelden zu einem Film Dreh. Mit viel Engagement bei den Dreharbeiten wurde ein sch\u00f6ner Beitrag im Fernsehen und Radio gestaltet. Es war eine gelungene Aktion den Amateurfunk in seiner Vielfalt in &#8230;<\/p>\n<p class=\"continue-reading-button\"> <a class=\"continue-reading-link\" href=\"https:\/\/www.nordfunk.at\/?page_id=227\">Continue reading<i class=\"crycon-right-dir\"><\/i><\/a><\/p>\n","protected":false},"author":2,"featured_media":0,"parent":0,"menu_order":0,"comment_status":"closed","ping_status":"closed","template":"","meta":{"footnotes":""},"class_list":["post-227","page","type-page","status-publish","hentry"],"_links":{"self":[{"href":"https:\/\/www.nordfunk.at\/index.php?rest_route=\/wp\/v2\/pages\/227","targetHints":{"allow":["GET"]}}],"collection":[{"href":"https:\/\/www.nordfunk.at\/index.php?rest_route=\/wp\/v2\/pages"}],"about":[{"href":"https:\/\/www.nordfunk.at\/index.php?rest_route=\/wp\/v2\/types\/page"}],"author":[{"embeddable":true,"href":"https:\/\/www.nordfunk.at\/index.php?rest_route=\/wp\/v2\/users\/2"}],"replies":[{"embeddable":true,"href":"https:\/\/www.nordfunk.at\/index.php?rest_route=%2Fwp%2Fv2%2Fcomments&post=227"}],"version-history":[{"count":0,"href":"https:\/\/www.nordfunk.at\/index.php?rest_route=\/wp\/v2\/pages\/227\/revisions"}],"wp:attachment":[{"href":"https:\/\/www.nordfunk.at\/index.php?rest_route=%2Fwp%2Fv2%2Fmedia&parent=227"}],"curies":[{"name":"wp","href":"https:\/\/api.w.org\/{rel}","templated":true}]}}