{"id":129,"date":"2022-02-14T15:27:02","date_gmt":"2022-02-14T14:27:02","guid":{"rendered":"https:\/\/www.nordfunk.at\/?page_id=129"},"modified":"2022-02-14T15:27:02","modified_gmt":"2022-02-14T14:27:02","slug":"nordfunk-muehlviertel","status":"publish","type":"page","link":"https:\/\/www.nordfunk.at\/?page_id=129","title":{"rendered":"Nordfunk M\u00fchlviertel"},"content":{"rendered":"\n<p>Beim Nordfunk M\u00fchlviertel handelt es sich um eine unverbindliche, nicht kommerzielle, private Gruppe Von Menschen die sich in ihrer Freizeit mit dem breiten Spektrum des Amateur- sowie CB-Funk auseinander setzten.<\/p>\n\n\n\n<p>Bei spontanen Treffen und Unternehmungen unterst\u00fctzen wir uns gegenseitig mit Rat und Tat<\/p>\n\n\n\n<p>Wir begr\u00fc\u00dfen nat\u00fcrlich gerne  jederzeit weitere Interessenten in unserer Gruppe.<\/p>\n\n\n\n<p>Zu H\u00f6ren sind wir meistens  auf der Frequenz  FM 145.450  und CB Funk Kanal 11 -13 im Raum Bad Leonfelden.<\/p>\n\n\n\n<p>Kontakt:  oe5tso@oevsv.at<\/p>\n","protected":false},"excerpt":{"rendered":"<p>Beim Nordfunk M\u00fchlviertel handelt es sich um eine unverbindliche, nicht kommerzielle, private Gruppe Von Menschen die sich in ihrer Freizeit mit dem breiten Spektrum des Amateur- sowie CB-Funk auseinander setzten. Bei spontanen Treffen und Unternehmungen unterst\u00fctzen wir uns gegenseitig mit Rat und Tat Wir begr\u00fc\u00dfen nat\u00fcrlich gerne jederzeit weitere Interessenten &#8230;<\/p>\n<p class=\"continue-reading-button\"> <a class=\"continue-reading-link\" href=\"https:\/\/www.nordfunk.at\/?page_id=129\">Continue reading<i class=\"crycon-right-dir\"><\/i><\/a><\/p>\n","protected":false},"author":2,"featured_media":0,"parent":0,"menu_order":0,"comment_status":"closed","ping_status":"closed","template":"","meta":{"footnotes":""},"class_list":["post-129","page","type-page","status-publish","hentry"],"_links":{"self":[{"href":"https:\/\/www.nordfunk.at\/index.php?rest_route=\/wp\/v2\/pages\/129","targetHints":{"allow":["GET"]}}],"collection":[{"href":"https:\/\/www.nordfunk.at\/index.php?rest_route=\/wp\/v2\/pages"}],"about":[{"href":"https:\/\/www.nordfunk.at\/index.php?rest_route=\/wp\/v2\/types\/page"}],"author":[{"embeddable":true,"href":"https:\/\/www.nordfunk.at\/index.php?rest_route=\/wp\/v2\/users\/2"}],"replies":[{"embeddable":true,"href":"https:\/\/www.nordfunk.at\/index.php?rest_route=%2Fwp%2Fv2%2Fcomments&post=129"}],"version-history":[{"count":0,"href":"https:\/\/www.nordfunk.at\/index.php?rest_route=\/wp\/v2\/pages\/129\/revisions"}],"wp:attachment":[{"href":"https:\/\/www.nordfunk.at\/index.php?rest_route=%2Fwp%2Fv2%2Fmedia&parent=129"}],"curies":[{"name":"wp","href":"https:\/\/api.w.org\/{rel}","templated":true}]}}